{"id":32,"date":"2025-10-01T15:11:15","date_gmt":"2025-10-01T15:11:15","guid":{"rendered":"https:\/\/catalinawines.com\/?page_id=32"},"modified":"2025-11-27T18:04:08","modified_gmt":"2025-11-27T18:04:08","slug":"about-us","status":"publish","type":"page","link":"https:\/\/catalinawines.com\/fi\/about-us\/","title":{"rendered":"Tietoa meist\u00e4"},"content":{"rendered":"<div data-elementor-type=\"wp-page\" data-elementor-id=\"32\" class=\"elementor elementor-32\" data-elementor-post-type=\"page\">\n\t\t\t\t<div class=\"elementor-element elementor-element-bedd859 e-flex e-con-boxed e-con e-parent\" data-id=\"bedd859\" data-element_type=\"container\" data-settings=\"{&quot;background_background&quot;:&quot;video&quot;,&quot;background_video_link&quot;:&quot;https:\\\/\\\/batlle.es\\\/videos\\\/catalina-w.mp4&quot;,&quot;background_play_on_mobile&quot;:&quot;yes&quot;}\">\n\t\t\t\t\t<div class=\"e-con-inner\">\n\t\t<div class=\"elementor-background-video-container\" aria-hidden=\"true\">\n\t\t\t\t\t\t\t<video class=\"elementor-background-video-hosted\" autoplay muted playsinline loop><\/video>\n\t\t\t\t\t<\/div>\t\t\t<\/div>\n\t\t\t\t<\/div>\n\t\t<div class=\"elementor-element elementor-element-a25e8a6 e-flex e-con-boxed e-con e-parent\" data-id=\"a25e8a6\" data-element_type=\"container\" data-settings=\"{&quot;background_background&quot;:&quot;classic&quot;}\">\n\t\t\t\t\t<div class=\"e-con-inner\">\n\t\t<div class=\"elementor-element elementor-element-a13b6c5 e-con-full e-flex e-con e-child\" data-id=\"a13b6c5\" data-element_type=\"container\">\n\t\t\t\t<div class=\"elementor-element elementor-element-6afb04d elementor-widget elementor-widget-image\" data-id=\"6afb04d\" data-element_type=\"widget\" data-widget_type=\"image.default\">\n\t\t\t\t<div class=\"elementor-widget-container\">\n\t\t\t\t\t\t\t\t\t\t\t\t\t\t\t\t<a href=\"https:\/\/globalwinepartners.com\/\" target=\"_blank\">\n\t\t\t\t\t\t\t<img fetchpriority=\"high\" decoding=\"async\" width=\"800\" height=\"216\" src=\"https:\/\/catalinawines.com\/wp-content\/uploads\/2025\/10\/Logo_GWP-2024-Positiu-1024x277.png\" class=\"attachment-large size-large wp-image-73\" alt=\"\" srcset=\"https:\/\/catalinawines.com\/wp-content\/uploads\/2025\/10\/Logo_GWP-2024-Positiu-1024x277.png 1024w, https:\/\/catalinawines.com\/wp-content\/uploads\/2025\/10\/Logo_GWP-2024-Positiu-300x81.png 300w, https:\/\/catalinawines.com\/wp-content\/uploads\/2025\/10\/Logo_GWP-2024-Positiu-768x208.png 768w, https:\/\/catalinawines.com\/wp-content\/uploads\/2025\/10\/Logo_GWP-2024-Positiu-1536x416.png 1536w, https:\/\/catalinawines.com\/wp-content\/uploads\/2025\/10\/Logo_GWP-2024-Positiu.png 1949w\" sizes=\"(max-width: 800px) 100vw, 800px\" \/>\t\t\t\t\t\t\t\t<\/a>\n\t\t\t\t\t\t\t\t\t\t\t\t\t\t\t<\/div>\n\t\t\t\t<\/div>\n\t\t\t\t<\/div>\n\t\t<div class=\"elementor-element elementor-element-b6b548f e-con-full e-flex e-con e-child\" data-id=\"b6b548f\" data-element_type=\"container\">\n\t\t<div class=\"elementor-element elementor-element-00f01a5 e-con-full e-flex e-con e-child\" data-id=\"00f01a5\" data-element_type=\"container\">\n\t\t\t\t<div class=\"elementor-element elementor-element-5514a51 elementor-widget elementor-widget-image\" data-id=\"5514a51\" data-element_type=\"widget\" data-widget_type=\"image.default\">\n\t\t\t\t<div class=\"elementor-widget-container\">\n\t\t\t\t\t\t\t\t\t\t\t\t\t\t\t<img decoding=\"async\" width=\"541\" height=\"1024\" src=\"https:\/\/catalinawines.com\/wp-content\/uploads\/2025\/10\/catalina-541x1024.png\" class=\"attachment-large size-large wp-image-52\" alt=\"catalina white wine\" srcset=\"https:\/\/catalinawines.com\/wp-content\/uploads\/2025\/10\/catalina-541x1024.png 541w, https:\/\/catalinawines.com\/wp-content\/uploads\/2025\/10\/catalina-159x300.png 159w, https:\/\/catalinawines.com\/wp-content\/uploads\/2025\/10\/catalina-768x1453.png 768w, https:\/\/catalinawines.com\/wp-content\/uploads\/2025\/10\/catalina-812x1536.png 812w, https:\/\/catalinawines.com\/wp-content\/uploads\/2025\/10\/catalina-1082x2048.png 1082w, https:\/\/catalinawines.com\/wp-content\/uploads\/2025\/10\/catalina-scaled.png 1353w\" sizes=\"(max-width: 541px) 100vw, 541px\" \/>\t\t\t\t\t\t\t\t\t\t\t\t\t\t\t<\/div>\n\t\t\t\t<\/div>\n\t\t\t\t<\/div>\n\t\t<div class=\"elementor-element elementor-element-250d4e3 e-con-full e-flex e-con e-child\" data-id=\"250d4e3\" data-element_type=\"container\">\n\t\t\t\t<div class=\"elementor-element elementor-element-471e014 elementor-widget elementor-widget-text-editor\" data-id=\"471e014\" data-element_type=\"widget\" data-widget_type=\"text-editor.default\">\n\t\t\t\t<div class=\"elementor-widget-container\">\n\t\t\t\t\t\t\t\t\t<p>Global Wine Partners on luonut viinej\u00e4 maailman parhailta viinialueilta yli 40 vuoden ajan ja tuonut sinulle aitoja, moderneja ja luonteenomaisia kokemuksia. Tavoitteenamme on yksinkertainen: jokainen lasillinen on kuin matka takaisin viinitarhalle, jossa se syntyi.<\/p><p>Valmistamme viinej\u00e4, jotka ovat raikkaita, helposti l\u00e4hestytt\u00e4vi\u00e4 ja helposti nautittavia, mutta aina uskollisia terroirille. Valitsemme ja sekoitamme huolella arvostetuista nimityksist\u00e4 innovatiivisimpiin viinialueisiin viinej\u00e4, jotka ilahduttavat vaativimpia viininyst\u00e4vi\u00e4.<\/p><p>Uskomme my\u00f6s viineihin, jotka kunnioittavat luontoa. Siksi tarjoamme hienostuneen valikoiman biodynaamisia, vegaanisia ja luomuviinej\u00e4, jotka on valmistettu ilman lis\u00e4aineita tai kemikaaleja ja sopusoinnussa maan kanssa.<\/p><p>Global Wine Partnersissa emme vain tee viini\u00e4 - jaamme intohimoa, perinteit\u00e4 ja sitoutumista laatuun, jotta jokaisesta maljasta tulisi erityinen hetki.<\/p>\t\t\t\t\t\t\t\t<\/div>\n\t\t\t\t<\/div>\n\t\t\t\t<div class=\"elementor-element elementor-element-53dfa54 elementor-widget elementor-widget-button\" data-id=\"53dfa54\" data-element_type=\"widget\" data-widget_type=\"button.default\">\n\t\t\t\t<div class=\"elementor-widget-container\">\n\t\t\t\t\t\t\t\t\t<div class=\"elementor-button-wrapper\">\n\t\t\t\t\t<a class=\"elementor-button elementor-button-link elementor-size-sm\" href=\"#elementor-action%3Aaction%3Dpopup%3Aopen%26settings%3DeyJpZCI6IjEyNyIsInRvZ2dsZSI6ZmFsc2V9\">\n\t\t\t\t\t\t<span class=\"elementor-button-content-wrapper\">\n\t\t\t\t\t\t\t\t\t<span class=\"elementor-button-text\">Ota yhteytt\u00e4<\/span>\n\t\t\t\t\t<\/span>\n\t\t\t\t\t<\/a>\n\t\t\t\t<\/div>\n\t\t\t\t\t\t\t\t<\/div>\n\t\t\t\t<\/div>\n\t\t\t\t<\/div>\n\t\t\t\t<\/div>\n\t\t\t\t\t<\/div>\n\t\t\t\t<\/div>\n\t\t<div class=\"elementor-element elementor-element-9345c35 e-flex e-con-boxed e-con e-parent\" data-id=\"9345c35\" data-element_type=\"container\" data-settings=\"{&quot;background_background&quot;:&quot;classic&quot;}\">\n\t\t\t\t\t<div class=\"e-con-inner\">\n\t\t\t\t\t<\/div>\n\t\t\t\t<\/div>\n\t\t\t\t<\/div>","protected":false},"excerpt":{"rendered":"<p>At Global Wine Partners, we\u2019ve been creating wines from the world\u2019s best wine regions for over 40 years, bringing you authentic, modern, and characterful experiences. Our goal is simple: for every glass to feel like a journey back to the vineyard where it was born. We craft wines that are fresh, approachable, and easy to [&hellip;]<\/p>","protected":false},"author":1,"featured_media":0,"parent":0,"menu_order":0,"comment_status":"closed","ping_status":"closed","template":"","meta":{"footnotes":""},"class_list":["post-32","page","type-page","status-publish","hentry"],"_links":{"self":[{"href":"https:\/\/catalinawines.com\/fi\/wp-json\/wp\/v2\/pages\/32","targetHints":{"allow":["GET"]}}],"collection":[{"href":"https:\/\/catalinawines.com\/fi\/wp-json\/wp\/v2\/pages"}],"about":[{"href":"https:\/\/catalinawines.com\/fi\/wp-json\/wp\/v2\/types\/page"}],"author":[{"embeddable":true,"href":"https:\/\/catalinawines.com\/fi\/wp-json\/wp\/v2\/users\/1"}],"replies":[{"embeddable":true,"href":"https:\/\/catalinawines.com\/fi\/wp-json\/wp\/v2\/comments?post=32"}],"version-history":[{"count":10,"href":"https:\/\/catalinawines.com\/fi\/wp-json\/wp\/v2\/pages\/32\/revisions"}],"predecessor-version":[{"id":219,"href":"https:\/\/catalinawines.com\/fi\/wp-json\/wp\/v2\/pages\/32\/revisions\/219"}],"wp:attachment":[{"href":"https:\/\/catalinawines.com\/fi\/wp-json\/wp\/v2\/media?parent=32"}],"curies":[{"name":"wp","href":"https:\/\/api.w.org\/{rel}","templated":true}]}}