{"id":30,"date":"2025-10-01T15:11:07","date_gmt":"2025-10-01T15:11:07","guid":{"rendered":"https:\/\/catalinawines.com\/?page_id=30"},"modified":"2025-11-27T18:00:15","modified_gmt":"2025-11-27T18:00:15","slug":"our-wines","status":"publish","type":"page","link":"https:\/\/catalinawines.com\/fi\/our-wines\/","title":{"rendered":"Viinimme"},"content":{"rendered":"<div data-elementor-type=\"wp-page\" data-elementor-id=\"30\" class=\"elementor elementor-30\" data-elementor-post-type=\"page\">\n\t\t\t\t<div class=\"elementor-element elementor-element-e41fd56 e-flex e-con-boxed e-con e-parent\" data-id=\"e41fd56\" data-element_type=\"container\" data-settings=\"{&quot;background_background&quot;:&quot;video&quot;,&quot;background_video_link&quot;:&quot;https:\\\/\\\/batlledigital.com\\\/reunio.mp4&quot;,&quot;background_play_on_mobile&quot;:&quot;yes&quot;}\">\n\t\t\t\t\t<div class=\"e-con-inner\">\n\t\t<div class=\"elementor-background-video-container\" aria-hidden=\"true\">\n\t\t\t\t\t\t\t<video class=\"elementor-background-video-hosted\" autoplay muted playsinline loop><\/video>\n\t\t\t\t\t<\/div>\t\t\t<\/div>\n\t\t\t\t<\/div>\n\t\t<div class=\"elementor-element elementor-element-c461f3b e-flex e-con-boxed e-con e-parent\" data-id=\"c461f3b\" data-element_type=\"container\" data-settings=\"{&quot;background_background&quot;:&quot;classic&quot;}\">\n\t\t\t\t\t<div class=\"e-con-inner\">\n\t\t<div class=\"elementor-element elementor-element-f6df9f9 e-con-full e-flex e-con e-child\" data-id=\"f6df9f9\" data-element_type=\"container\">\n\t\t<div class=\"elementor-element elementor-element-c8acdc5 e-con-full e-flex e-con e-child\" data-id=\"c8acdc5\" data-element_type=\"container\">\n\t\t\t\t<div class=\"elementor-element elementor-element-1125b33 elementor-widget elementor-widget-image\" data-id=\"1125b33\" data-element_type=\"widget\" data-widget_type=\"image.default\">\n\t\t\t\t<div class=\"elementor-widget-container\">\n\t\t\t\t\t\t\t\t\t\t\t\t\t\t\t<img fetchpriority=\"high\" decoding=\"async\" width=\"489\" height=\"1024\" src=\"https:\/\/catalinawines.com\/wp-content\/uploads\/2025\/10\/catalina-red-489x1024.png\" class=\"attachment-large size-large wp-image-45\" alt=\"catalina red wine\" srcset=\"https:\/\/catalinawines.com\/wp-content\/uploads\/2025\/10\/catalina-red-489x1024.png 489w, https:\/\/catalinawines.com\/wp-content\/uploads\/2025\/10\/catalina-red-143x300.png 143w, https:\/\/catalinawines.com\/wp-content\/uploads\/2025\/10\/catalina-red-768x1608.png 768w, https:\/\/catalinawines.com\/wp-content\/uploads\/2025\/10\/catalina-red-734x1536.png 734w, https:\/\/catalinawines.com\/wp-content\/uploads\/2025\/10\/catalina-red-978x2048.png 978w, https:\/\/catalinawines.com\/wp-content\/uploads\/2025\/10\/catalina-red.png 1113w\" sizes=\"(max-width: 489px) 100vw, 489px\" \/>\t\t\t\t\t\t\t\t\t\t\t\t\t\t\t<\/div>\n\t\t\t\t<\/div>\n\t\t\t\t<\/div>\n\t\t<div class=\"elementor-element elementor-element-0936a08 e-con-full e-flex e-con e-child\" data-id=\"0936a08\" data-element_type=\"container\">\n\t\t\t\t<div class=\"elementor-element elementor-element-298e883 elementor-widget elementor-widget-text-editor\" data-id=\"298e883\" data-element_type=\"widget\" data-widget_type=\"text-editor.default\">\n\t\t\t\t<div class=\"elementor-widget-container\">\n\t\t\t\t\t\t\t\t\t<h2><span style=\"color: #a31947\">Catalina Organic Tempranillo - Ajaton ilmaus espanjalaisesta maasta.<\/span><\/h2><p data-path-to-node=\"4\">Valmistettu Espanjassa luonnonmukaisesti viljellyist\u00e4 Tempranillo-ryp\u00e4leist\u00e4, <b>Catalina Red<\/b> vangitsee maan vankan hengen kest\u00e4v\u00e4n viljelyn ja luonnon kunnioittamisen avulla. <b>Runsas ja ilmeik\u00e4s<\/b>, se avautuu monimutkaisilla nuottien <b>tummaa kirsikkaa ja kyps\u00e4\u00e4 luumua<\/b>, jota tasapainottavat herk\u00e4t kuiskaukset <b>nahkaa, makeita mausteita ja paahdettua puuta.<\/b>.<\/p><p data-path-to-node=\"5\">Maultaan se on <b>keskit\u00e4ytel\u00e4inen tai t\u00e4ytel\u00e4inen<\/b>, jossa on kiinte\u00e4 rakenne ja hienovaraisia mineraalisia vivahteita, jotka kertovat sen espanjalaisesta terroirista. <b>Vino de la Tierra de Castilla<\/b>. Viimeistely on <b>pitk\u00e4, pehme\u00e4 ja vaivattoman aito<\/b>-Se heijastaa sek\u00e4 maaper\u00e4\u00e4 ett\u00e4 sielua, joka on inspiroinut sit\u00e4.<\/p><p data-path-to-node=\"6\">Catalina Tempranillo ei sis\u00e4ll\u00e4 synteettisi\u00e4 kemikaaleja tai lis\u00e4aineita, ja sen maku on aito: <b>puhdas, monimutkainen ja ajaton<\/b>. T\u00e4m\u00e4 viini sopii t\u00e4ydellisesti grillatun lihan, runsaan pataruoan tai kypsytettyjen juustojen seuraan, ja se on tehty niille, jotka Catalinan tavoin omaksuvat el\u00e4m\u00e4n kauneuden rikkaudella ja luonteella.<\/p>\t\t\t\t\t\t\t\t<\/div>\n\t\t\t\t<\/div>\n\t\t\t\t<\/div>\n\t\t\t\t<\/div>\n\t\t<div class=\"elementor-element elementor-element-357e2a8 e-con-full e-flex e-con e-child\" data-id=\"357e2a8\" data-element_type=\"container\">\n\t\t<div class=\"elementor-element elementor-element-fc9d2aa e-con-full e-flex e-con e-child\" data-id=\"fc9d2aa\" data-element_type=\"container\">\n\t\t\t\t<div class=\"elementor-element elementor-element-2702b1d elementor-widget elementor-widget-heading\" data-id=\"2702b1d\" data-element_type=\"widget\" data-widget_type=\"heading.default\">\n\t\t\t\t<div class=\"elementor-widget-container\">\n\t\t\t\t\t<h2 class=\"elementor-heading-title elementor-size-default\">Catalina Organic Red - Tempranillo Puhdasta eleganssia, luonnollisesti<\/h2>\t\t\t\t<\/div>\n\t\t\t\t<\/div>\n\t\t\t\t<div class=\"elementor-element elementor-element-cddee22 elementor-widget elementor-widget-text-editor\" data-id=\"cddee22\" data-element_type=\"widget\" data-widget_type=\"text-editor.default\">\n\t\t\t\t<div class=\"elementor-widget-container\">\n\t\t\t\t\t\t\t\t\t<p><strong>Catalina Organic White - Runsas, orgaaninen, aito.<\/strong><\/p><p data-path-to-node=\"4\">Koe syv\u00e4llinen aitous <b>Catalina Organic Tempranillo<\/b>\u2014<b>intensiivinen, j\u00e4sennelty<\/b>, ja muotoiltu niille, jotka arvostavat rikkautta ja laatua. <i>terroir<\/i> ja puhtautta jokaisessa kulauksessa. Valmistettu yksinomaan <b>100% orgaaninen Tempranillo<\/b> viiniryp\u00e4leet ja tuotettu k\u00e4ytt\u00e4en <b>kest\u00e4v\u00e4t k\u00e4yt\u00e4nn\u00f6t<\/b>, t\u00e4m\u00e4 on viini, joka kunnioittaa viininvalmistusperinnett\u00e4. <b>Vino de la Tierra de Castilla<\/b> ja sitoutumistasi planeetalle.<\/p><p data-path-to-node=\"5\">T\u00e4ydellinen kaikkiin tilaisuuksiin, joissa tarvitaan luonnetta, muodollisista illallisista rentoihin nautinnollisiin hetkiin, <b>Catalina Red<\/b> kutsuu sinut jakamaan ikimuistoisia kokemuksia yst\u00e4vien ja l\u00e4heisten kanssa. <b>Rohkea, elinvoimainen ja syv\u00e4sti ilmeik\u00e4s.<\/b>-T\u00e4m\u00e4 punaviini on suunniteltu nautittavaksi yhdess\u00e4, juhlimaan el\u00e4m\u00e4n yksinkertaisia ja kauniita nautintoja.<\/p>\t\t\t\t\t\t\t\t<\/div>\n\t\t\t\t<\/div>\n\t\t\t\t<div class=\"elementor-element elementor-element-c844d04 elementor-widget elementor-widget-n-accordion\" data-id=\"c844d04\" data-element_type=\"widget\" data-settings=\"{&quot;default_state&quot;:&quot;all_collapsed&quot;,&quot;max_items_expended&quot;:&quot;one&quot;,&quot;n_accordion_animation_duration&quot;:{&quot;unit&quot;:&quot;ms&quot;,&quot;size&quot;:400,&quot;sizes&quot;:[]}}\" data-widget_type=\"nested-accordion.default\">\n\t\t\t\t<div class=\"elementor-widget-container\">\n\t\t\t\t\t\t\t<div class=\"e-n-accordion\" aria-label=\"Harmonikka. Avaa linkit Enter- tai v\u00e4lily\u00f6nnill\u00e4, sulje Escape-n\u00e4pp\u00e4imell\u00e4 ja navigoi nuolin\u00e4pp\u00e4imill\u00e4.\">\n\t\t\t\t\t\t<details id=\"e-n-accordion-item-2090\" class=\"e-n-accordion-item\" >\n\t\t\t\t<summary class=\"e-n-accordion-item-title\" data-accordion-index=\"1\" tabindex=\"0\" aria-expanded=\"false\" aria-controls=\"e-n-accordion-item-2090\" >\n\t\t\t\t\t<span class='e-n-accordion-item-title-header'><div class=\"e-n-accordion-item-title-text\"> Makuulla <\/div><\/span>\n\t\t\t\t\t\t\t<span class='e-n-accordion-item-title-icon'>\n\t\t\t<span class='e-opened' ><i aria-hidden=\"true\" class=\"fas fa-minus\"><\/i><\/span>\n\t\t\t<span class='e-closed'><i aria-hidden=\"true\" class=\"fas fa-plus\"><\/i><\/span>\n\t\t<\/span>\n\n\t\t\t\t\t\t<\/summary>\n\t\t\t\t<div role=\"region\" aria-labelledby=\"e-n-accordion-item-2090\" class=\"elementor-element elementor-element-a0886d4 e-con-full e-flex e-con e-child\" data-id=\"a0886d4\" data-element_type=\"container\">\n\t\t\t\t<div class=\"elementor-element elementor-element-a86fff8 elementor-widget elementor-widget-text-editor\" data-id=\"a86fff8\" data-element_type=\"widget\" data-widget_type=\"text-editor.default\">\n\t\t\t\t<div class=\"elementor-widget-container\">\n\t\t\t\t\t\t\t\t\t<p data-start=\"133\" data-end=\"200\"><strong data-start=\"133\" data-end=\"198\">Catalina Organic Tempranillo - Runsas, ilmeik\u00e4s ja luonnollisen aito...<\/strong><\/p><p data-path-to-node=\"3\"><b>Catalina Organic Tempranillo<\/b> tervehtii aisteja elinvoimaisilla tuoksuilla. <b>kypsi\u00e4 punaisia hedelmi\u00e4<\/b>-runsas kirsikka ja t\u00e4ytel\u00e4inen luumu, joita tasapainottavat hienovaraisesti vivahteikkaat vivahteet <b>vaniljaa ja paahdettua kaakaota<\/b>. Maultaan se on <b>t\u00e4ytel\u00e4inen ja vankka<\/b>, jossa on notkeat tanniinit ja <b>ilmeik\u00e4s, pitk\u00e4kestoinen j\u00e4lkimaku<\/b> joka kutsuu toiseen harkittuun makuun.<\/p><p data-path-to-node=\"4\"><b>Intensiivinen mutta tyylik\u00e4s<\/b>, Catalina Tempranillo on luonnonmukaisesti viljeltyjen ryp\u00e4leiden puhdas juhla, joka paljastaa luonnollisen <b>espanjankielisen tekstin rakenne ja aitous <i>terroir<\/i> Vino de la Tierra de Castillassa<\/b>. Viini, joka ilment\u00e4\u00e4 syvyytt\u00e4, tasapainoa ja vaivatonta hienostuneisuutta jokaisessa lasissa.<\/p><hr data-path-to-node=\"5\" \/><p data-path-to-node=\"6\">\u00a0<\/p>\t\t\t\t\t\t\t\t<\/div>\n\t\t\t\t<\/div>\n\t\t\t\t<\/div>\n\t\t\t\t\t<\/details>\n\t\t\t\t\t\t<details id=\"e-n-accordion-item-2091\" class=\"e-n-accordion-item\" >\n\t\t\t\t<summary class=\"e-n-accordion-item-title\" data-accordion-index=\"2\" tabindex=\"-1\" aria-expanded=\"false\" aria-controls=\"e-n-accordion-item-2091\" >\n\t\t\t\t\t<span class='e-n-accordion-item-title-header'><div class=\"e-n-accordion-item-title-text\"> Yhdistelm\u00e4t <\/div><\/span>\n\t\t\t\t\t\t\t<span class='e-n-accordion-item-title-icon'>\n\t\t\t<span class='e-opened' ><i aria-hidden=\"true\" class=\"fas fa-minus\"><\/i><\/span>\n\t\t\t<span class='e-closed'><i aria-hidden=\"true\" class=\"fas fa-plus\"><\/i><\/span>\n\t\t<\/span>\n\n\t\t\t\t\t\t<\/summary>\n\t\t\t\t<div role=\"region\" aria-labelledby=\"e-n-accordion-item-2091\" class=\"elementor-element elementor-element-61a326d e-con-full e-flex e-con e-child\" data-id=\"61a326d\" data-element_type=\"container\">\n\t\t\t\t<div class=\"elementor-element elementor-element-8d2df48 elementor-widget elementor-widget-text-editor\" data-id=\"8d2df48\" data-element_type=\"widget\" data-widget_type=\"text-editor.default\">\n\t\t\t\t<div class=\"elementor-widget-container\">\n\t\t\t\t\t\t\t\t\t<p data-start=\"194\" data-end=\"290\"><strong data-start=\"194\" data-end=\"220\">Catalina Organic Valkoinen<\/strong> on ihanteellinen kumppani monenlaisiin kevyisiin ja maukkaisiin ruokiin:<\/p><ul data-start=\"292\" data-end=\"596\"><li data-start=\"292\" data-end=\"353\"><p data-start=\"294\" data-end=\"353\">Tuoreita meren antimia, cevichest\u00e4 grillattuihin katkarapuihin ja ostereihin<\/p><\/li><li data-start=\"354\" data-end=\"416\"><p data-start=\"356\" data-end=\"416\">Raikkaat salaatit sitrushedelm\u00e4vinaigrettella tai kermaisella vuohenjuustolla<\/p><\/li><li data-start=\"417\" data-end=\"461\"><p data-start=\"419\" data-end=\"461\">Pehme\u00e4t juustot, kuten brie tai mozzarella<\/p><\/li><li data-start=\"462\" data-end=\"526\"><p data-start=\"464\" data-end=\"526\">Aasialaisvaikutteinen keitti\u00f6, mukaan lukien sushi tai thaimaalaiset kev\u00e4trullat<\/p><\/li><li data-start=\"527\" data-end=\"596\"><p data-start=\"529\" data-end=\"596\">Kevyet pastaruoat, jotka on maustettu oliivi\u00f6ljyll\u00e4, sitruunalla ja tuoreilla yrtteill\u00e4<\/p><\/li><\/ul><p data-start=\"598\" data-end=\"726\">Hienostunut mutta eloisa Catalina White korostaa jokaisen suupalan makua ja tuo tasapainoa, raikkautta ja eleganssia jokaiseen ruokailukokemukseen.<\/p>\t\t\t\t\t\t\t\t<\/div>\n\t\t\t\t<\/div>\n\t\t\t\t<\/div>\n\t\t\t\t\t<\/details>\n\t\t\t\t\t<\/div>\n\t\t\t\t\t\t<\/div>\n\t\t\t\t<\/div>\n\t\t\t\t<\/div>\n\t\t\t\t<div class=\"elementor-element elementor-element-e3e9ac1 elementor-widget elementor-widget-image\" data-id=\"e3e9ac1\" data-element_type=\"widget\" data-widget_type=\"image.default\">\n\t\t\t\t<div class=\"elementor-widget-container\">\n\t\t\t\t\t\t\t\t\t\t\t\t\t\t\t\t<a href=\"https:\/\/catalinawines.com\/wp-content\/uploads\/2025\/11\/Mockup-Catalina-tetra.png\" data-elementor-open-lightbox=\"yes\" data-elementor-lightbox-title=\"Mockup-Catalina-tetra\" data-e-action-hash=\"#elementor-action%3Aaction%3Dlightbox%26settings%3DeyJpZCI6MTA0LCJ1cmwiOiJodHRwczpcL1wvY2F0YWxpbmF3aW5lcy5jb21cL3dwLWNvbnRlbnRcL3VwbG9hZHNcLzIwMjVcLzExXC9Nb2NrdXAtQ2F0YWxpbmEtdGV0cmEucG5nIn0%3D\">\n\t\t\t\t\t\t\t<img decoding=\"async\" width=\"384\" height=\"1024\" src=\"https:\/\/catalinawines.com\/wp-content\/uploads\/2025\/11\/Mockup-Catalina-tetra-384x1024.png\" class=\"attachment-large size-large wp-image-104\" alt=\"\" srcset=\"https:\/\/catalinawines.com\/wp-content\/uploads\/2025\/11\/Mockup-Catalina-tetra-384x1024.png 384w, https:\/\/catalinawines.com\/wp-content\/uploads\/2025\/11\/Mockup-Catalina-tetra-112x300.png 112w, https:\/\/catalinawines.com\/wp-content\/uploads\/2025\/11\/Mockup-Catalina-tetra.png 500w\" sizes=\"(max-width: 384px) 100vw, 384px\" \/>\t\t\t\t\t\t\t\t<\/a>\n\t\t\t\t\t\t\t\t\t\t\t\t\t\t\t<\/div>\n\t\t\t\t<\/div>\n\t\t\t\t<\/div>\n\t\t\t\t<div class=\"elementor-element elementor-element-f24fdf6 elementor-widget elementor-widget-button\" data-id=\"f24fdf6\" data-element_type=\"widget\" data-widget_type=\"button.default\">\n\t\t\t\t<div class=\"elementor-widget-container\">\n\t\t\t\t\t\t\t\t\t<div class=\"elementor-button-wrapper\">\n\t\t\t\t\t<a class=\"elementor-button elementor-button-link elementor-size-sm\" href=\"#elementor-action%3Aaction%3Dpopup%3Aopen%26settings%3DeyJpZCI6IjEyNyIsInRvZ2dsZSI6ZmFsc2V9\">\n\t\t\t\t\t\t<span class=\"elementor-button-content-wrapper\">\n\t\t\t\t\t\t\t\t\t<span class=\"elementor-button-text\">Ota yhteytt\u00e4<\/span>\n\t\t\t\t\t<\/span>\n\t\t\t\t\t<\/a>\n\t\t\t\t<\/div>\n\t\t\t\t\t\t\t\t<\/div>\n\t\t\t\t<\/div>\n\t\t\t\t\t<\/div>\n\t\t\t\t<\/div>\n\t\t<div class=\"elementor-element elementor-element-be8da02 e-flex e-con-boxed e-con e-parent\" data-id=\"be8da02\" data-element_type=\"container\" data-settings=\"{&quot;background_background&quot;:&quot;classic&quot;}\">\n\t\t\t\t\t<div class=\"e-con-inner\">\n\t\t\t\t\t<\/div>\n\t\t\t\t<\/div>\n\t\t\t\t<\/div>","protected":false},"excerpt":{"rendered":"<p>Catalina Organic Tempranillo \u2013 A Timeless Expression of the Spanish Land Crafted from organically grown Tempranillo grapes in Spain, Catalina Red captures the robust spirit of the land through sustainable farming and deep respect for nature. Rich and expressive, it opens with complex notes of dark cherry and ripe plum, balanced by delicate whispers of [&hellip;]<\/p>","protected":false},"author":1,"featured_media":0,"parent":0,"menu_order":0,"comment_status":"closed","ping_status":"closed","template":"","meta":{"footnotes":""},"class_list":["post-30","page","type-page","status-publish","hentry"],"_links":{"self":[{"href":"https:\/\/catalinawines.com\/fi\/wp-json\/wp\/v2\/pages\/30","targetHints":{"allow":["GET"]}}],"collection":[{"href":"https:\/\/catalinawines.com\/fi\/wp-json\/wp\/v2\/pages"}],"about":[{"href":"https:\/\/catalinawines.com\/fi\/wp-json\/wp\/v2\/types\/page"}],"author":[{"embeddable":true,"href":"https:\/\/catalinawines.com\/fi\/wp-json\/wp\/v2\/users\/1"}],"replies":[{"embeddable":true,"href":"https:\/\/catalinawines.com\/fi\/wp-json\/wp\/v2\/comments?post=30"}],"version-history":[{"count":25,"href":"https:\/\/catalinawines.com\/fi\/wp-json\/wp\/v2\/pages\/30\/revisions"}],"predecessor-version":[{"id":216,"href":"https:\/\/catalinawines.com\/fi\/wp-json\/wp\/v2\/pages\/30\/revisions\/216"}],"wp:attachment":[{"href":"https:\/\/catalinawines.com\/fi\/wp-json\/wp\/v2\/media?parent=30"}],"curies":[{"name":"wp","href":"https:\/\/api.w.org\/{rel}","templated":true}]}}