{"id":166,"date":"2025-11-27T12:07:34","date_gmt":"2025-11-27T12:07:34","guid":{"rendered":"https:\/\/catalinawines.com\/?page_id=166"},"modified":"2025-11-27T12:08:02","modified_gmt":"2025-11-27T12:08:02","slug":"privacy-policy-2","status":"publish","type":"page","link":"https:\/\/catalinawines.com\/fi\/privacy-policy-2\/","title":{"rendered":"Tietosuojak\u00e4yt\u00e4nt\u00f6"},"content":{"rendered":"<div data-elementor-type=\"wp-page\" data-elementor-id=\"166\" class=\"elementor elementor-166\" data-elementor-post-type=\"page\">\n\t\t\t\t<div class=\"elementor-element elementor-element-afd99d0 e-flex e-con-boxed e-con e-parent\" data-id=\"afd99d0\" data-element_type=\"container\" data-settings=\"{&quot;background_background&quot;:&quot;classic&quot;}\">\n\t\t\t\t\t<div class=\"e-con-inner\">\n\t\t\t\t\t<\/div>\n\t\t\t\t<\/div>\n\t\t<div class=\"elementor-element elementor-element-19a0a51 e-flex e-con-boxed e-con e-parent\" data-id=\"19a0a51\" data-element_type=\"container\" data-settings=\"{&quot;background_background&quot;:&quot;classic&quot;}\">\n\t\t\t\t\t<div class=\"e-con-inner\">\n\t\t\t\t<div class=\"elementor-element elementor-element-275b820 elementor-widget elementor-widget-heading\" data-id=\"275b820\" data-element_type=\"widget\" data-widget_type=\"heading.default\">\n\t\t\t\t<div class=\"elementor-widget-container\">\n\t\t\t\t\t<h2 class=\"elementor-heading-title elementor-size-default\">Tietosuojak\u00e4yt\u00e4nt\u00f6<\/h2>\t\t\t\t<\/div>\n\t\t\t\t<\/div>\n\t\t\t\t<div class=\"elementor-element elementor-element-9b4c554 elementor-widget elementor-widget-text-editor\" data-id=\"9b4c554\" data-element_type=\"widget\" data-widget_type=\"text-editor.default\">\n\t\t\t\t<div class=\"elementor-widget-container\">\n\t\t\t\t\t\t\t\t\t<p><strong>1. TIEDOT K\u00c4YTT\u00c4J\u00c4LLE:<\/strong><br \/>Kuka on vastuussa henkil\u00f6tietojesi k\u00e4sittelyst\u00e4?<br \/>GLOBAL WINE PARTNERS S.L. on VASTUULLINEN K\u00c4YTT\u00c4J\u00c4N henkil\u00f6tietojen k\u00e4sittelyst\u00e4 ja ilmoittaa, ett\u00e4 n\u00e4it\u00e4 tietoja k\u00e4sitell\u00e4\u00e4n asetuksen (EU) 2016\/679, 27. huhtikuuta (GDPR), ja orgaanisen lain 3\/2018, 5. joulukuuta (LOPDGDD), s\u00e4\u00e4nn\u00f6sten mukaisesti.<br \/>Miksi k\u00e4sittelemme henkil\u00f6tietojasi?<br \/>Yll\u00e4pit\u00e4\u00e4 liikesuhdetta k\u00e4ytt\u00e4j\u00e4n kanssa. K\u00e4sittelyn toteuttamiseksi suunnitellut toimet ovat:<br \/>\u2013 Kaupallisten mainosviestien l\u00e4hett\u00e4minen s\u00e4hk\u00f6postitse, faksilla, tekstiviestill\u00e4, multimediaviestill\u00e4, sosiaalisissa verkostoissa tai muilla nykyisill\u00e4 tai tulevilla s\u00e4hk\u00f6isill\u00e4 tai fyysisill\u00e4 v\u00e4lineill\u00e4, jotka mahdollistavat kaupallisen viestinn\u00e4n. N\u00e4m\u00e4 viestit l\u00e4hetet\u00e4\u00e4n VASTUULLISEN kautta ja ne liittyv\u00e4t sen tuotteisiin ja palveluihin tai sen yhteisty\u00f6kumppaneihin tai toimittajiin, joiden kanssa se on solminut mainossopimuksen. T\u00e4ss\u00e4 tapauksessa kolmannet osapuolet eiv\u00e4t koskaan p\u00e4\u00e4se k\u00e4siksi henkil\u00f6tietoihin.<br \/>\u2013 Markkinatutkimusten ja tilastollisten analyysien suorittaminen.<br \/>\u2013 K\u00e4sitell\u00e4 pyynt\u00f6j\u00e4, vastata kyselyihin tai mihin tahansa K\u00c4YTT\u00c4J\u00c4N esitt\u00e4miin pyynt\u00f6ihin, jotka on tehty vastuullisen tahon verkkosivustolla olevien yhteydenottolomakkeiden kautta.<br \/>\u2013 L\u00e4het\u00e4 verkkouutiskirje, joka sis\u00e4lt\u00e4\u00e4 uutisia, tarjouksia ja kampanjoita toiminnastamme.<br \/>Miksi voimme k\u00e4sitell\u00e4 henkil\u00f6tietojasi?<br \/>Koska k\u00e4sittely on GDPR:n 6 artiklan nojalla laillista seuraavasti:<br \/>\u2013 K\u00c4YTT\u00c4J\u00c4N suostumuksella: kaupallisten viestien ja uutiskirjeiden l\u00e4hett\u00e4minen.<br \/>\u2013 HALLINNOIJAN oikeutetun edun vuoksi: markkinatutkimusten, tilastollisten analyysien jne. suorittaminen sek\u00e4 tilausten, pyynt\u00f6jen jne. k\u00e4sittely K\u00c4YTT\u00c4J\u00c4N pyynn\u00f6st\u00e4.<br \/>Kuinka kauan s\u00e4ilyt\u00e4mme henkil\u00f6tietojasi?<br \/>Niit\u00e4 s\u00e4ilytet\u00e4\u00e4n vain niin kauan kuin on tarpeen k\u00e4sittelyn tarkoituksen toteuttamiseksi tai niin kauan kuin niiden s\u00e4ilytt\u00e4misest\u00e4 on s\u00e4\u00e4detty laissa, ja kun niit\u00e4 ei en\u00e4\u00e4 tarvita t\u00e4h\u00e4n tarkoitukseen, ne poistetaan asianmukaisin turvatoimin, joilla varmistetaan tietojen anonymisointi tai niiden t\u00e4ydellinen tuhoaminen. Kenelle luovutamme henkil\u00f6tietojasi? Henkil\u00f6tietoja ei luovuteta kolmansille osapuolille, paitsi jos se on tarpeen k\u00e4sittelyn tarkoitusten kehitt\u00e4miseksi ja toteuttamiseksi, viestint\u00e4\u00e4n liittyville palveluntarjoajillemme, joiden kanssa VASTUULLINEN on solminut voimassa olevien tietosuojas\u00e4\u00e4nn\u00f6sten edellytt\u00e4m\u00e4t salassapito- ja tietojenk\u00e4sittelysopimukset.<\/p><p>Mitk\u00e4 ovat oikeutesi?<br \/>K\u00c4YTT\u00c4J\u00c4LL\u00c4 on seuraavat oikeudet:<br \/>\u2013 Oikeus peruuttaa suostumus milloin tahansa.<br \/>\u2013 Oikeus saada p\u00e4\u00e4sy tietoihisi, oikaista niit\u00e4, siirt\u00e4\u00e4 niit\u00e4 ja poistaa niit\u00e4 sek\u00e4 rajoittaa tai vastustaa niiden k\u00e4sittely\u00e4.<br \/>\u2013 Oikeus tehd\u00e4 valitus valvontaviranomaiselle (www.aepd.es), jos katsot, ett\u00e4 k\u00e4sittely ei ole nykyisten s\u00e4\u00e4nn\u00f6sten mukaista.<br \/>Oikeuksien k\u00e4ytt\u00e4miseen liittyv\u00e4t yhteystiedot:<br \/>GLOBAL WINE PARTNERS S.L., Avinguda Diagonal 566, 08021 Barcelona S\u00e4hk\u00f6posti: gwp@globalwinepartners.com<\/p><p><strong>2. K\u00c4YTT\u00c4J\u00c4N ANTAMIEN TIETOJEN PAKOLLISUUS TAI VALINNAISUUS:<\/strong><br \/>K\u00c4YTT\u00c4J\u00c4T hyv\u00e4ksyv\u00e4t nimenomaisesti, vapaaehtoisesti ja yksiselitteisesti vastaavien valintaruutujen ja yhteydenottolomakkeessa tai latauslomakkeissa t\u00e4hdell\u00e4 (*) merkittyihin kenttiin sy\u00f6tettyjen tietojen avulla, ett\u00e4 heid\u00e4n tietonsa ovat v\u00e4ltt\u00e4m\u00e4tt\u00f6mi\u00e4 lainanantajan pyynn\u00f6n k\u00e4sittelemiseksi ja ett\u00e4 siksi muiden kenttien t\u00e4ytt\u00e4minen on vapaaehtoista. K\u00c4YTT\u00c4J\u00c4 takaa, ett\u00e4 VASTUULLISELLE toimitetut henkil\u00f6tiedot ovat totuudenmukaisia, ja on velvollinen ilmoittamaan mahdollisista muutoksista. VASTUULLINEN ilmoittaa, ett\u00e4 kaikki verkkosivuston kautta pyydetyt tiedot ovat pakollisia, koska ne ovat v\u00e4ltt\u00e4m\u00e4tt\u00f6mi\u00e4 optimaalisen palvelun tarjoamiseksi K\u00c4YTT\u00c4J\u00c4LLE. Jos kaikkia tietoja ei toimiteta, ei voida taata, ett\u00e4 toimitetut tiedot ja palvelut vastaavat t\u00e4ysin tarpeitasi.<\/p><p><strong>3. TURVALLISUUSTOIMET<\/strong><br \/>Ett\u00e4 nykyisten henkil\u00f6tietojen suojaa koskevien s\u00e4\u00e4nn\u00f6sten mukaisesti VASTUULLINEN noudattaa kaikkia GDPR- ja LOPDGDD-s\u00e4\u00e4nn\u00f6sten m\u00e4\u00e4r\u00e4yksi\u00e4 vastuullaan olevien henkil\u00f6tietojen k\u00e4sittelyst\u00e4 ja noudattaa selv\u00e4sti GDPR:n 5 artiklassa kuvattuja periaatteita, joiden mukaan tietoja k\u00e4sitell\u00e4\u00e4n lainmukaisesti, oikeudenmukaisesti ja l\u00e4pin\u00e4kyv\u00e4sti suhteessa rekister\u00f6ityyn ja ne ovat asianmukaisia, merkityksellisi\u00e4 ja rajoitettuja suhteessa niiden k\u00e4sittelyn tarkoituksiin.<br \/>VASTUULLINEN takaa, ett\u00e4 se on ottanut k\u00e4ytt\u00f6\u00f6n asianmukaiset tekniset ja organisatoriset menettelyt GDPR-asetuksessa ja LOPDGDD-laissa vahvistettujen turvatoimenpiteiden soveltamiseksi K\u00c4YTT\u00c4JIEN oikeuksien ja vapauksien suojelemiseksi ja ett\u00e4 se on toimittanut heille riitt\u00e4v\u00e4t tiedot, jotta he voivat k\u00e4ytt\u00e4\u00e4 n\u00e4it\u00e4 oikeuksia.<br \/>Lis\u00e4tietoja tietosuojatakuista saat ottamalla yhteytt\u00e4 VASTUULLISEEN s\u00e4hk\u00f6postitse: hello@globalwinepartners.com<\/p>\t\t\t\t\t\t\t\t<\/div>\n\t\t\t\t<\/div>\n\t\t\t\t\t<\/div>\n\t\t\t\t<\/div>\n\t\t\t\t<\/div>","protected":false},"excerpt":{"rendered":"<p>1. INFORMATION FOR THE USER:Who is responsible for the processing of your personal data?GLOBAL WINE PARTNERS S.L. is RESPONSIBLE for the processing of the USER\u2019s personal data and informs you that this data will be processed in accordance with the provisions of Regulation (EU) 2016\/679, of 27 April (GDPR), and the Organic Law 3\/2018, of [&hellip;]<\/p>","protected":false},"author":1,"featured_media":0,"parent":0,"menu_order":0,"comment_status":"closed","ping_status":"closed","template":"","meta":{"footnotes":""},"class_list":["post-166","page","type-page","status-publish","hentry"],"_links":{"self":[{"href":"https:\/\/catalinawines.com\/fi\/wp-json\/wp\/v2\/pages\/166","targetHints":{"allow":["GET"]}}],"collection":[{"href":"https:\/\/catalinawines.com\/fi\/wp-json\/wp\/v2\/pages"}],"about":[{"href":"https:\/\/catalinawines.com\/fi\/wp-json\/wp\/v2\/types\/page"}],"author":[{"embeddable":true,"href":"https:\/\/catalinawines.com\/fi\/wp-json\/wp\/v2\/users\/1"}],"replies":[{"embeddable":true,"href":"https:\/\/catalinawines.com\/fi\/wp-json\/wp\/v2\/comments?post=166"}],"version-history":[{"count":3,"href":"https:\/\/catalinawines.com\/fi\/wp-json\/wp\/v2\/pages\/166\/revisions"}],"predecessor-version":[{"id":169,"href":"https:\/\/catalinawines.com\/fi\/wp-json\/wp\/v2\/pages\/166\/revisions\/169"}],"wp:attachment":[{"href":"https:\/\/catalinawines.com\/fi\/wp-json\/wp\/v2\/media?parent=166"}],"curies":[{"name":"wp","href":"https:\/\/api.w.org\/{rel}","templated":true}]}}