{"id":162,"date":"2025-11-27T12:05:31","date_gmt":"2025-11-27T12:05:31","guid":{"rendered":"https:\/\/catalinawines.com\/?page_id=162"},"modified":"2025-11-27T12:07:07","modified_gmt":"2025-11-27T12:07:07","slug":"legal-advice","status":"publish","type":"page","link":"https:\/\/catalinawines.com\/fi\/legal-advice\/","title":{"rendered":"Oikeudellinen neuvonta"},"content":{"rendered":"<div data-elementor-type=\"wp-page\" data-elementor-id=\"162\" class=\"elementor elementor-162\" data-elementor-post-type=\"page\">\n\t\t\t\t<div class=\"elementor-element elementor-element-72b68bd e-flex e-con-boxed e-con e-parent\" data-id=\"72b68bd\" data-element_type=\"container\" data-settings=\"{&quot;background_background&quot;:&quot;classic&quot;}\">\n\t\t\t\t\t<div class=\"e-con-inner\">\n\t\t\t\t\t<\/div>\n\t\t\t\t<\/div>\n\t\t<div class=\"elementor-element elementor-element-19b2ad8 e-flex e-con-boxed e-con e-parent\" data-id=\"19b2ad8\" data-element_type=\"container\" data-settings=\"{&quot;background_background&quot;:&quot;classic&quot;}\">\n\t\t\t\t\t<div class=\"e-con-inner\">\n\t\t\t\t<div class=\"elementor-element elementor-element-a09be42 elementor-widget elementor-widget-heading\" data-id=\"a09be42\" data-element_type=\"widget\" data-widget_type=\"heading.default\">\n\t\t\t\t<div class=\"elementor-widget-container\">\n\t\t\t\t\t<h2 class=\"elementor-heading-title elementor-size-default\">Oikeudellinen neuvonta<\/h2>\t\t\t\t<\/div>\n\t\t\t\t<\/div>\n\t\t\t\t<div class=\"elementor-element elementor-element-42a675f elementor-widget elementor-widget-text-editor\" data-id=\"42a675f\" data-element_type=\"widget\" data-widget_type=\"text-editor.default\">\n\t\t\t\t<div class=\"elementor-widget-container\">\n\t\t\t\t\t\t\t\t\t<p>GLOBAL WINE PARTNERS. S.L., joka vastaa verkkosivustosta, j\u00e4ljemp\u00e4n\u00e4 VASTUULLINEN, asettaa t\u00e4m\u00e4n asiakirjan k\u00e4ytt\u00e4jien saataville, jolla se aikoo panna t\u00e4yt\u00e4nt\u00f6\u00f6n 11. hein\u00e4kuuta 2002 annetussa laissa 34\/2002, tietoyhteiskunnan palveluista ja s\u00e4hk\u00f6isest\u00e4 kaupank\u00e4ynnist\u00e4 (LSSICE), BOE nro 166, vahvistetut velvoitteet sek\u00e4 ilmoittaa kaikille verkkosivuston k\u00e4ytt\u00e4jille k\u00e4ytt\u00f6ehdoista.<\/p><p>T\u00e4lle verkkosivustolle p\u00e4\u00e4syyn oikeutettu henkil\u00f6 toimii k\u00e4ytt\u00e4j\u00e4n\u00e4 ja sitoutuu noudattamaan ja t\u00e4ytt\u00e4m\u00e4\u00e4n tarkasti t\u00e4ss\u00e4 asiakirjassa esitetyt m\u00e4\u00e4r\u00e4ykset sek\u00e4 muut sovellettavat oikeudelliset m\u00e4\u00e4r\u00e4ykset.<\/p><p>GLOBAL WINE PARTNERS.S.L. pid\u00e4tt\u00e4\u00e4 oikeuden muuttaa mit\u00e4 tahansa verkkosivustolla esiintyv\u00e4\u00e4 tietoa ilman velvollisuutta ilmoittaa asiasta etuk\u00e4teen tai tiedottaa k\u00e4ytt\u00e4jille n\u00e4ist\u00e4 velvoitteista, koska julkaiseminen verkkosivustolla azulejowines.com katsotaan riitt\u00e4viksi.<\/p><p><strong>1. TUNNISTETIEDOT<\/strong><br \/>Verkkotunnus: catalinawines.com<br \/>Kaupallinen nimi: Catalina Wines<br \/>Yrityksen nimi: GLOBAL WINE PARTNERS.S.L.<br \/>Rekister\u00f6ity osoite: Avenida Diagonal 566, 08021 Barcelona<br \/>Puhelin: +34 936 115 198<br \/>S\u00e4hk\u00f6posti: gwp@globalwinepartners.com<\/p><p><strong>2. TEOLLIS- JA TEKIJ\u00c4NOIKEUDET<\/strong><br \/>Verkkosivusto, mukaan lukien mutta ei rajoittuen sen ohjelmointiin, muokkaukseen, kokoamiseen ja muihin sen toimintaan tarvittaviin elementteihin, malleihin, logoihin, tekstiin ja\/tai grafiikkaan, on VASTUULLISEN omaisuutta tai, tapauksen mukaan, sill\u00e4 on tekij\u00f6iden lisenssi tai nimenomainen lupa. Kaikki verkkosivuston sis\u00e4lt\u00f6 on asianmukaisesti suojattu teollis- ja tekij\u00e4noikeuslains\u00e4\u00e4d\u00e4nn\u00f6ll\u00e4 sek\u00e4 rekister\u00f6ity vastaaviin julkisiin rekistereihin.<br \/>Riippumatta siit\u00e4, mihin tarkoitukseen ne on tarkoitettu, niiden t\u00e4ydellinen tai osittainen j\u00e4ljent\u00e4minen, k\u00e4ytt\u00f6, hy\u00f6dynt\u00e4minen, jakelu ja kaupallistaminen edellytt\u00e4\u00e4 joka tapauksessa VASTUULLISEN tahon etuk\u00e4teen antamaa kirjallista lupaa. Kaikkia ilman etuk\u00e4teen annettua lupaa tapahtuvia k\u00e4ytt\u00f6j\u00e4 pidet\u00e4\u00e4n tekij\u00e4n henkisen tai teollisen omaisuuden oikeuksien vakavana loukkauksena.<br \/>RESPONSIBLE:n ulkopuoliset ja verkkosivustolla mahdollisesti esiintyv\u00e4t mallit, logot, tekstit ja\/tai grafiikat kuuluvat niiden omistajille, jotka ovat vastuussa mahdollisista kiistoista. VASTUULLINEN taho antaa nimenomaisesti kolmansille osapuolille luvan ohjata suoraan verkkosivuston tiettyihin sis\u00e4lt\u00f6ihin ja joka tapauksessa ohjata Globalwinepartners.com-verkkosivuston p\u00e4\u00e4sivulle.\u2028 \u2028VASTUULLINEN taho tunnustaa niiden omistajien puolesta vastaavat immateriaali- ja teollisoikeudet, ilman ett\u00e4 niiden mainitseminen tai esiintyminen verkkosivustolla merkitsisi oikeuksien tai vastuiden olemassaoloa tai VASTUULLISEN tahon tukea, sponsorointia tai suositusta.<br \/>Jos haluatte tehd\u00e4 huomautuksia mahdollisista immateriaalioikeuksien tai teollisoikeuksien loukkauksista tai verkkosivuston sis\u00e4ll\u00f6st\u00e4, voitte tehd\u00e4 sen s\u00e4hk\u00f6postitse osoitteeseen gwp@globalwinepartners.com.<\/p><p><strong>3. VASTUUVAPAUS<\/strong><br \/><strong>VASTUULLINEN<\/strong> on vapautettu kaikesta vastuusta, joka johtuu sen verkkosivustolla julkaistuista tiedoista, edellytt\u00e4en ett\u00e4 sill\u00e4 ei ole todellista tietoa siit\u00e4, ett\u00e4 n\u00e4m\u00e4 tiedot on manipuloitu tai lis\u00e4tty kolmannen osapuolen toimesta, tai jos sill\u00e4 on t\u00e4llainen tieto, se on toiminut huolellisesti poistaakseen tiedot tai est\u00e4\u00e4kseen p\u00e4\u00e4syn niihin.<br \/>Ev\u00e4steiden k\u00e4ytt\u00f6:<br \/>T\u00e4m\u00e4 verkkosivusto voi k\u00e4ytt\u00e4\u00e4 teknisi\u00e4 ev\u00e4steit\u00e4 (pieni\u00e4 tiedostoja, jotka palvelin l\u00e4hett\u00e4\u00e4 sivustolle p\u00e4\u00e4sev\u00e4n henkil\u00f6n tietokoneelle) tiettyjen toimintojen suorittamiseksi, joita pidet\u00e4\u00e4n v\u00e4ltt\u00e4m\u00e4tt\u00f6min\u00e4 verkkosivuston oikean toiminnan ja n\u00e4kyvyyden kannalta. K\u00e4ytetyt ev\u00e4steet ovat joka tapauksessa v\u00e4liaikaisia, ja niiden ainoana tarkoituksena on tehostaa selaamista. Ne katoavat k\u00e4ytt\u00e4j\u00e4n istunnon p\u00e4\u00e4ttyess\u00e4. N\u00e4m\u00e4 ev\u00e4steet eiv\u00e4t miss\u00e4\u00e4n tapauksessa sis\u00e4ll\u00e4 henkil\u00f6tietoja, eik\u00e4 niit\u00e4 k\u00e4ytet\u00e4 t\u00e4llaisten tietojen ker\u00e4\u00e4miseen.<br \/>Ev\u00e4steiden avulla on my\u00f6s mahdollista, ett\u00e4 verkkosivuston palvelin tunnistaa k\u00e4ytt\u00e4j\u00e4n k\u00e4ytt\u00e4m\u00e4n selaimen, mik\u00e4 helpottaa selaamista ja mahdollistaa esimerkiksi aiemmin rekister\u00f6ityneiden k\u00e4ytt\u00e4jien p\u00e4\u00e4syn heille varattuihin alueisiin, palveluihin, kampanjoihin tai kilpailuihin ilman, ett\u00e4 heid\u00e4n tarvitsee rekister\u00f6ity\u00e4 joka kerta, kun he vierailevat sivustolla. Niit\u00e4 voidaan k\u00e4ytt\u00e4\u00e4 my\u00f6s k\u00e4vij\u00e4m\u00e4\u00e4rien, liikenneparametrien, etenemisen ja k\u00e4yntim\u00e4\u00e4rien seurantaan jne. N\u00e4iss\u00e4 tapauksissa ev\u00e4steet ovat teknisesti tarpeettomia, mutta hy\u00f6dyllisi\u00e4 k\u00e4ytt\u00e4j\u00e4lle. T\u00e4m\u00e4 verkkosivusto ei asenna tarpeettomia ev\u00e4steit\u00e4 ilman k\u00e4ytt\u00e4j\u00e4n etuk\u00e4teen antamaa suostumusta.<br \/>K\u00e4ytt\u00e4j\u00e4 voi asettaa selaimensa ilmoittamaan ev\u00e4steiden vastaanottamisesta ja est\u00e4m\u00e4\u00e4n niiden asentamisen tietokoneelleen. Lis\u00e4tietoja on selaimen ohjeissa.<br \/>Linkkik\u00e4yt\u00e4nt\u00f6:<br \/>Verkkosivustolta saatetaan ohjata sinut kolmannen osapuolen verkkosivustojen sis\u00e4lt\u00f6\u00f6n. Koska VASTUULLINEN ei voi aina valvoa kolmansien osapuolten verkkosivustoillaan julkaisemia sis\u00e4lt\u00f6j\u00e4, se ei ota mink\u00e4\u00e4nlaista vastuuta n\u00e4ist\u00e4 sis\u00e4ll\u00f6ist\u00e4. Joka tapauksessa se poistaa v\u00e4litt\u00f6m\u00e4sti kaikki sis\u00e4ll\u00f6t, jotka saattavat rikkoa kansallista tai kansainv\u00e4list\u00e4 lakia, moraalia tai yleist\u00e4 j\u00e4rjestyst\u00e4, poistaa v\u00e4litt\u00f6m\u00e4sti ohjauksen kyseiselle verkkosivustolle ja ilmoittaa kyseisest\u00e4 sis\u00e4ll\u00f6st\u00e4 toimivaltaisille viranomaisille.<br \/>VASTUULLINEN ei ole vastuussa tallennetuista tiedoista ja sis\u00e4ll\u00f6st\u00e4, mukaan lukien mutta ei rajoittuen foorumeihin, chatteihin, blogigeneraattoreihin, kommentteihin, sosiaalisiin verkostoihin tai muihin keinoihin, joiden avulla kolmannet osapuolet voivat julkaista sis\u00e4lt\u00f6\u00e4 itsen\u00e4isesti VASTUULLISEN verkkosivustolla. Kuitenkin, ja LSSICE:n 11 ja 16 artiklan m\u00e4\u00e4r\u00e4ysten mukaisesti, kaikki k\u00e4ytt\u00e4j\u00e4t, viranomaiset ja turvallisuusjoukot voivat aktiivisesti osallistua sellaisen sis\u00e4ll\u00f6n poistamiseen tai tarvittaessa est\u00e4miseen, joka voi vaikuttaa tai rikkoa kansallista tai kansainv\u00e4list\u00e4 lakia, kolmansien osapuolten oikeuksia tai moraalia ja yleist\u00e4 j\u00e4rjestyst\u00e4. Jos k\u00e4ytt\u00e4j\u00e4 katsoo, ett\u00e4 verkkosivusto sis\u00e4lt\u00e4\u00e4 materiaalia, joka voi kuulua t\u00e4h\u00e4n luokkaan, h\u00e4nen tulee ilmoittaa asiasta v\u00e4litt\u00f6m\u00e4sti verkkosivuston yll\u00e4pit\u00e4j\u00e4lle.\u2028\u2028<br \/>T\u00e4m\u00e4 verkkosivusto on tarkistettu ja testattu sen oikean toiminnan varmistamiseksi. Periaatteessa sen oikea toiminta voidaan taata 365 p\u00e4iv\u00e4\u00e4 vuodessa, 24 tuntia vuorokaudessa. VASTUULLINEN ei kuitenkaan sulje pois ohjelmointivirheiden mahdollisuutta tai force majeure -tilanteiden, luonnonkatastrofien, lakkojen tai vastaavien olosuhteiden esiintymist\u00e4, jotka tekev\u00e4t verkkosivustolle p\u00e4\u00e4syn mahdottomaksi.<\/p><p>IP-osoitteet:<br \/>Verkkosivuston palvelimet pystyv\u00e4t tunnistamaan automaattisesti k\u00e4ytt\u00e4j\u00e4n IP-osoitteen ja verkkotunnuksen. IP-osoite on numero, joka annetaan tietokoneelle automaattisesti, kun se muodostaa yhteyden Internetiin. Kaikki n\u00e4m\u00e4 tiedot tallennetaan palvelimen toimintatiedostoon, jonka avulla tietoja voidaan k\u00e4sitell\u00e4 edelleen puhtaasti tilastollisten mittausten saamiseksi, jotta voidaan m\u00e4\u00e4ritt\u00e4\u00e4 sivun n\u00e4ytt\u00f6kertojen m\u00e4\u00e4r\u00e4, verkkopalvelimille tehtyjen k\u00e4yntien m\u00e4\u00e4r\u00e4, k\u00e4yntien j\u00e4rjestys, yhteyspiste jne.<\/p><p><strong>4. SOVELLETTAVA LAKI JA TUOMIOISTUIMEN TOIMIVALTA<\/strong><br \/>Kaikkien t\u00e4m\u00e4n verkkosivuston tai sen toimintaan liittyvien riitojen tai kysymysten ratkaisemisessa sovelletaan Espanjan lakia, johon osapuolet nimenomaisesti alistuvat, ja jonka tuomioistuimet ovat toimivaltaisia ratkaisemaan kaikki sen k\u00e4yt\u00f6st\u00e4 johtuvat tai siihen liittyv\u00e4t riidat Barcelonan kotipaikan tai velvoitteen t\u00e4ytt\u00e4mispaikan tuomioistuimissa.<\/p>\t\t\t\t\t\t\t\t<\/div>\n\t\t\t\t<\/div>\n\t\t\t\t\t<\/div>\n\t\t\t\t<\/div>\n\t\t\t\t<\/div>","protected":false},"excerpt":{"rendered":"<p>GLOBAL WINE PARTNERS. S.L., responsible for the website, hereinafter the RESPONSIBLE, makes this document available to users, with which it intends to enforce the obligations established by Law 34\/2002, of July 11, Services of the Information Society and Electronic Commerce (LSSICE), BOE No. 166, as well as inform all users of the website about what [&hellip;]<\/p>","protected":false},"author":1,"featured_media":0,"parent":0,"menu_order":0,"comment_status":"closed","ping_status":"closed","template":"","meta":{"footnotes":""},"class_list":["post-162","page","type-page","status-publish","hentry"],"_links":{"self":[{"href":"https:\/\/catalinawines.com\/fi\/wp-json\/wp\/v2\/pages\/162","targetHints":{"allow":["GET"]}}],"collection":[{"href":"https:\/\/catalinawines.com\/fi\/wp-json\/wp\/v2\/pages"}],"about":[{"href":"https:\/\/catalinawines.com\/fi\/wp-json\/wp\/v2\/types\/page"}],"author":[{"embeddable":true,"href":"https:\/\/catalinawines.com\/fi\/wp-json\/wp\/v2\/users\/1"}],"replies":[{"embeddable":true,"href":"https:\/\/catalinawines.com\/fi\/wp-json\/wp\/v2\/comments?post=162"}],"version-history":[{"count":3,"href":"https:\/\/catalinawines.com\/fi\/wp-json\/wp\/v2\/pages\/162\/revisions"}],"predecessor-version":[{"id":165,"href":"https:\/\/catalinawines.com\/fi\/wp-json\/wp\/v2\/pages\/162\/revisions\/165"}],"wp:attachment":[{"href":"https:\/\/catalinawines.com\/fi\/wp-json\/wp\/v2\/media?parent=162"}],"curies":[{"name":"wp","href":"https:\/\/api.w.org\/{rel}","templated":true}]}}