{"id":155,"date":"2025-11-27T12:04:14","date_gmt":"2025-11-27T12:04:14","guid":{"rendered":"https:\/\/catalinawines.com\/?page_id=155"},"modified":"2025-11-27T12:05:22","modified_gmt":"2025-11-27T12:05:22","slug":"cookies-policy","status":"publish","type":"page","link":"https:\/\/catalinawines.com\/fi\/cookies-policy\/","title":{"rendered":"Ev\u00e4stek\u00e4yt\u00e4nt\u00f6"},"content":{"rendered":"<div data-elementor-type=\"wp-page\" data-elementor-id=\"155\" class=\"elementor elementor-155\" data-elementor-post-type=\"page\">\n\t\t\t\t<div class=\"elementor-element elementor-element-a08792b e-flex e-con-boxed e-con e-parent\" data-id=\"a08792b\" data-element_type=\"container\" data-settings=\"{&quot;background_background&quot;:&quot;classic&quot;}\">\n\t\t\t\t\t<div class=\"e-con-inner\">\n\t\t\t\t\t<\/div>\n\t\t\t\t<\/div>\n\t\t<div class=\"elementor-element elementor-element-bf8e9c5 e-flex e-con-boxed e-con e-parent\" data-id=\"bf8e9c5\" data-element_type=\"container\" data-settings=\"{&quot;background_background&quot;:&quot;classic&quot;}\">\n\t\t\t\t\t<div class=\"e-con-inner\">\n\t\t\t\t<div class=\"elementor-element elementor-element-1e706f2 elementor-widget elementor-widget-heading\" data-id=\"1e706f2\" data-element_type=\"widget\" data-widget_type=\"heading.default\">\n\t\t\t\t<div class=\"elementor-widget-container\">\n\t\t\t\t\t<h2 class=\"elementor-heading-title elementor-size-default\">Ev\u00e4stek\u00e4yt\u00e4nt\u00f6<\/h2>\t\t\t\t<\/div>\n\t\t\t\t<\/div>\n\t\t\t\t<div class=\"elementor-element elementor-element-2a59fd1 elementor-widget elementor-widget-text-editor\" data-id=\"2a59fd1\" data-element_type=\"widget\" data-widget_type=\"text-editor.default\">\n\t\t\t\t<div class=\"elementor-widget-container\">\n\t\t\t\t\t\t\t\t\t<p><strong>TIETOJA EV\u00c4STEIST\u00c4<\/strong><br \/>Tietoyhteiskunnan palveluista ja s\u00e4hk\u00f6isest\u00e4 kaupank\u00e4ynnist\u00e4 annetun lain 34\/2002, 11.7.2002, mukaisesti, sek\u00e4 Euroopan parlamentin ja neuvoston asetuksen (EU) 2016\/679, 27.4.2016, yleisen tietosuoja-asetuksen (GDPR) ja 5. joulukuuta 2018 annetun orgaanisen lain 3\/2018 tietosuojasta ja digitaalisten oikeuksien takaamisesta (LOPDGDD) mukaisesti on pakollista hankkia kaikkien verkkosivustojen, jotka k\u00e4ytt\u00e4v\u00e4t kertak\u00e4ytt\u00f6isi\u00e4 ev\u00e4steit\u00e4, k\u00e4ytt\u00e4jien nimenomainen suostumus ennen kuin k\u00e4ytt\u00e4j\u00e4 selaa niit\u00e4.<br \/>Digitaalisten oikeuksien tietosuoja- ja takuulaki (LOPDGDD) mukaan on pakollista hankkia kaikkien v\u00e4ltt\u00e4m\u00e4tt\u00f6mi\u00e4 ev\u00e4steit\u00e4 k\u00e4ytt\u00e4vien verkkosivustojen k\u00e4ytt\u00e4jien nimenomainen suostumus ennen kuin k\u00e4ytt\u00e4j\u00e4 selaa niit\u00e4.<\/p><p><strong>MIT\u00c4 EV\u00c4STEET OVAT?<\/strong><br \/>Ev\u00e4steet ja muut vastaavat tekniikat, kuten paikalliset jaetut objektit, flash-ev\u00e4steet tai pikselit, ovat ty\u00f6kaluja, joita verkkopalvelimet k\u00e4ytt\u00e4v\u00e4t tallentaakseen ja hakemaan tietoja k\u00e4vij\u00f6ist\u00e4\u00e4n sek\u00e4 varmistaakseen sivuston moitteettoman toiminnan. N\u00e4iden laitteiden avulla verkkopalvelin voi muistaa joitakin k\u00e4ytt\u00e4j\u00e4\u00e4 koskevia tietoja, kuten k\u00e4ytt\u00e4j\u00e4n mieltymykset kyseisen palvelimen sivujen katselussa, nimi ja salasana, k\u00e4ytt\u00e4j\u00e4\u00e4 eniten kiinnostavat tuotteet jne.<\/p><p><strong>ASETUKSEN KOHTEENA OLEVAT EV\u00c4STEET JA POIKKEUKSELLISET EV\u00c4STEET<\/strong><br \/>EU-direktiivin mukaan ev\u00e4steet, jotka edellytt\u00e4v\u00e4t k\u00e4ytt\u00e4j\u00e4n tietoista suostumusta, ovat analyyttiset ev\u00e4steet sek\u00e4 mainonta- ja kumppanuusev\u00e4steet, lukuun ottamatta teknisi\u00e4 ev\u00e4steit\u00e4 ja ev\u00e4steit\u00e4, jotka ovat v\u00e4ltt\u00e4m\u00e4tt\u00f6mi\u00e4 verkkosivuston toiminnalle tai k\u00e4ytt\u00e4j\u00e4n nimenomaisesti pyyt\u00e4mien palvelujen tarjoamiselle.<\/p><p><strong>EV\u00c4STEIDEN TYYPPI K\u00c4YTT\u00d6TARKOITUKSEN MUKAAN<\/strong><br \/>Tekniset ja toiminnalliset ev\u00e4steet: ovat ev\u00e4steit\u00e4, jotka mahdollistavat k\u00e4ytt\u00e4j\u00e4n navigoinnin verkkosivustolla, alustalla tai sovelluksessa ja eri vaihtoehtojen tai olemassa olevien palveluiden k\u00e4yt\u00f6n.<br \/>Analyysiev\u00e4steet: n\u00e4m\u00e4 ev\u00e4steet antavat niiden vastuuhenkil\u00f6lle mahdollisuuden seurata ja analysoida niiden verkkosivustojen k\u00e4ytt\u00e4jien k\u00e4ytt\u00e4ytymist\u00e4, joihin ne on liitetty. T\u00e4m\u00e4n tyyppisten ev\u00e4steiden avulla ker\u00e4ttyj\u00e4 tietoja k\u00e4ytet\u00e4\u00e4n verkkosivustojen, sovellusten tai alustojen toiminnan mittaamiseen ja n\u00e4iden sivustojen, sovellusten ja alustojen k\u00e4ytt\u00e4jien selausprofiilien kehitt\u00e4miseen, jotta palvelun k\u00e4ytt\u00e4jien k\u00e4ytt\u00f6tiedot analysoimalla voidaan tehd\u00e4 parannuksia.<br \/>Mainosev\u00e4steet: ovat ev\u00e4steit\u00e4, joiden avulla voidaan hallita mahdollisimman tehokkaasti mainostiloja, jotka julkaisija on tarvittaessa sis\u00e4llytt\u00e4nyt verkkosivustoon, sovellukseen tai alustaan, josta se tarjoaa pyydetty\u00e4 palvelua. Hallinta tapahtuu esimerkiksi muokatun sis\u00e4ll\u00f6n tai mainosten n\u00e4ytt\u00f6tiheyden perusteella.<br \/>mainoksia n\u00e4ytet\u00e4\u00e4n.<br \/>K\u00e4ytt\u00e4ytymiseen perustuvat mainosev\u00e4steet: n\u00e4m\u00e4 ker\u00e4\u00e4v\u00e4t tietoa k\u00e4ytt\u00e4j\u00e4n mieltymyksist\u00e4 ja henkil\u00f6kohtaisista valinnoista (uudelleenkohdentaminen), jotta julkaisija voi hallita mahdollisimman tehokkaasti mainostiloja, jotka se on tarvittaessa sis\u00e4llytt\u00e4nyt verkkosivulle, sovellukseen tai alustaan, josta se tarjoaa pyydetty\u00e4 palvelua.<br \/>Sosiaaliset ev\u00e4steet: ovat ev\u00e4steit\u00e4, jotka sosiaalisen median alustat ovat asentaneet palveluihin, jotta voit jakaa sis\u00e4lt\u00f6\u00e4 yst\u00e4villesi ja verkostoillesi. Sosiaalisen median alustat voivat seurata verkkotoimintaasi palvelujen ulkopuolella. T\u00e4m\u00e4 voi vaikuttaa sis\u00e4lt\u00f6\u00f6n ja viesteihin, joita n\u00e4et muissa palveluissa, joita k\u00e4yt\u00e4t.<br \/>Affiliate-ev\u00e4steet: mahdollistavat muiden verkkosivustojen, joiden kanssa verkkosivusto on solminut kumppanuussopimuksen (affiliate-yritykset), k\u00e4ynnit.<br \/>Turvallisuuskekset: ne tallentavat salattuja tietoja est\u00e4\u00e4kseen tallennettujen tietojen joutumisen kolmansien osapuolten haitallisten hy\u00f6kk\u00e4ysten kohteeksi.<\/p><p><strong>OMISTUSSUHTEIDEN MUKAAN<\/strong><br \/>Omat ev\u00e4steet: ovat ev\u00e4steit\u00e4, jotka l\u00e4hetet\u00e4\u00e4n k\u00e4ytt\u00e4j\u00e4n p\u00e4\u00e4telaitteelle toimittajan itse hallinnoimasta tietokoneesta tai verkkotunnuksesta, josta k\u00e4ytt\u00e4j\u00e4n pyyt\u00e4m\u00e4 palvelu tarjotaan.<br \/>Kolmannen osapuolen ev\u00e4steet: ovat ev\u00e4steit\u00e4, jotka l\u00e4hetet\u00e4\u00e4n k\u00e4ytt\u00e4j\u00e4n p\u00e4\u00e4telaitteelle tietokoneelta tai verkkotunnuksesta, jota ei hallinnoi julkaisija, vaan toinen taho, joka k\u00e4sittelee ev\u00e4steiden avulla saatuja tietoja.<\/p><p><strong>S\u00c4ILYTYSAJAN MUKAAN<\/strong><br \/>Istuntoev\u00e4steet: n\u00e4m\u00e4 ovat ev\u00e4steit\u00e4, jotka on suunniteltu ker\u00e4\u00e4m\u00e4\u00e4n ja tallentamaan tietoja k\u00e4ytt\u00e4j\u00e4n vieraillessa verkkosivulla.<br \/>Pysyv\u00e4t ev\u00e4steet: n\u00e4m\u00e4 ovat ev\u00e4steit\u00e4, joiden tiedot s\u00e4ilyv\u00e4t p\u00e4\u00e4telaitteessa ja joita voidaan k\u00e4ytt\u00e4\u00e4 ja k\u00e4sitell\u00e4 ev\u00e4steest\u00e4 vastuussa olevan henkil\u00f6n m\u00e4\u00e4rittelem\u00e4n ajan, joka voi olla muutamasta minuutista useisiin vuosiin.<\/p><p><strong>HENKIL\u00d6TIETOJEN K\u00c4SITTELY<\/strong><br \/><strong>GLOBAL WINE PARTNERS S.L.<\/strong>\u00a0 on rekister\u00f6idyn henkil\u00f6tietojen rekisterinpit\u00e4j\u00e4 ja ilmoittaa, ett\u00e4 n\u00e4it\u00e4 tietoja k\u00e4sitell\u00e4\u00e4n 27. huhtikuuta 2016 annetun asetuksen (EU) 2016\/679 (GDPR) s\u00e4\u00e4nn\u00f6sten mukaisesti, mink\u00e4 perusteella sinulle annetaan seuraavat k\u00e4sittely\u00e4 koskevat tiedot:<br \/>K\u00e4sittelyn tarkoitus: kuten t\u00e4m\u00e4n verkkosivuston ev\u00e4steit\u00e4 koskevassa osiossa on m\u00e4\u00e4ritelty. K\u00e4sittelyn laillisuus: paitsi tapauksissa, joissa se on v\u00e4ltt\u00e4m\u00e4t\u00f6nt\u00e4 verkkoselaamisen kannalta, rekister\u00f6idyn suostumuksella (GDPR:n 6.1.a artikla).<br \/>Tietojen s\u00e4ilytt\u00e4misen kriteerit: kuten verkkosivustolla k\u00e4ytettyj\u00e4 ev\u00e4steit\u00e4 koskevassa osiossa on m\u00e4\u00e4ritelty.<br \/>Tietojen v\u00e4litt\u00e4minen: tietoja ei v\u00e4litet\u00e4 kolmansille osapuolille, paitsi kolmansien osapuolten omistamissa ev\u00e4steiss\u00e4 tai lakis\u00e4\u00e4teisen velvoitteen nojalla.<br \/>Asianomaisen osapuolen oikeudet:<br \/>\u2013 Oikeus peruuttaa suostumus milloin tahansa.<br \/>Oikeus saada p\u00e4\u00e4sy tietoihinsa, oikaista niit\u00e4, siirt\u00e4\u00e4 niit\u00e4 ja poistaa niit\u00e4 sek\u00e4 rajoittaa tai vastustaa niiden k\u00e4sittely\u00e4.<br \/>\u2013 Oikeus tehd\u00e4 valitus valvontaviranomaiselle (www.aepd.es), jos katsot, ett\u00e4 k\u00e4sittely ei ole nykyisten s\u00e4\u00e4nn\u00f6sten mukaista.<br \/>Oikeuksien k\u00e4ytt\u00e4miseen liittyv\u00e4t yhteystiedot:<br \/>GLOBAL WINE PARTNERS S.L.  Avinguda Diagonal 566, 08021 Barcelona S\u00e4hk\u00f6posti: gwp@globalwinepartners.com<\/p><p><strong>T\u00c4LL\u00c4 VERKKOSIVUSTOLLA K\u00c4YTETT\u00c4V\u00c4T EV\u00c4STEET<\/strong><br \/>-KUSTANTAJAN HALLINNOIMAT EV\u00c4STEET<br \/>Tekninen ja toiminnallinen<br \/>Omistaja: Global Wine Partners S.L.<br \/>Ev\u00e4ste: cookie_notice_accepted<br \/>Tarkoitus: Ev\u00e4ste, joka on v\u00e4ltt\u00e4m\u00e4t\u00f6n verkkosivuston vaihtoehtojen ja palveluiden k\u00e4yt\u00f6n kannalta.<br \/>M\u00e4\u00e4r\u00e4aika: yhden kuukauden kuluessa<br \/>-KOLMANNEN OSAPUOLEN EV\u00c4STEET<br \/>Kolmannen osapuolen palvelut eiv\u00e4t ole julkaisijan hallinnassa. Palveluntarjoajat voivat milloin tahansa muuttaa palveluehtojaan, ev\u00e4steiden k\u00e4ytt\u00f6tarkoitusta ja k\u00e4ytt\u00f6\u00e4 jne.<br \/>T\u00e4m\u00e4n verkkosivuston ulkoiset palveluntarjoajat: Kolmansien osapuolten hallinnoimia ev\u00e4steit\u00e4 ei ole asennettu.<\/p><p><strong>EV\u00c4STEIDEN ASETUSPANEELI<\/strong><br \/>T\u00e4st\u00e4 paneelista voit m\u00e4\u00e4ritt\u00e4\u00e4 ev\u00e4steet, jotka verkkosivusto voi asentaa selaimeesi, lukuun ottamatta teknisi\u00e4 tai toiminnallisia ev\u00e4steit\u00e4, jotka ovat v\u00e4ltt\u00e4m\u00e4tt\u00f6mi\u00e4 selaamisen ja eri vaihtoehtojen tai palvelujen k\u00e4yt\u00f6n kannalta.<br \/>Ev\u00e4steet-paneeli<\/p><p><strong>Kuinka hallita ev\u00e4steit\u00e4 selaimessa<\/strong><br \/>Poista ev\u00e4steet laitteesta:<br \/>Laitteella jo olevat ev\u00e4steet voidaan poistaa poistamalla selaimen historia, jolloin kaikki vierailtujen verkkosivustojen ev\u00e4steet poistetaan. T\u00e4ll\u00f6in osa tallennetuista tiedoista (esim. kirjautumistiedot tai verkkosivuston asetukset) voi kuitenkin kadota.<br \/>Hallitse sivustokohtaisia ev\u00e4steit\u00e4:<br \/>Jotta k\u00e4ytt\u00e4j\u00e4t voivat hallita sivustokohtaisia ev\u00e4steit\u00e4 tarkemmin,<br \/>voivat s\u00e4\u00e4t\u00e4\u00e4 selaimensa tietosuoja- ja ev\u00e4steasetuksia.<br \/>Ev\u00e4steiden est\u00e4minen:<br \/>Vaikka useimmat nykyaikaiset selaimet voidaan asettaa est\u00e4m\u00e4\u00e4n ev\u00e4steiden asentaminen laitteille, t\u00e4m\u00e4 voi edellytt\u00e4\u00e4 tiettyjen asetusten manuaalista s\u00e4\u00e4t\u00e4mist\u00e4 joka kerta, kun sivusto tai sivu avataan. Jotkin palvelut ja ominaisuudet eiv\u00e4t v\u00e4ltt\u00e4m\u00e4tt\u00e4 toimi oikein (esim. profiilin kirjautuminen).<br \/><strong>Kuinka poistaa ev\u00e4steet yleisimmist\u00e4 selaimista<\/strong><br \/><strong>Kromi:<\/strong> http:\/\/support.google.com\/chrome\/answer\/95647?hl=es<br \/><strong>Reuna:<\/strong> https:\/\/support.microsoft.com\/es-es\/microsoft-edge\/eliminar-las-cookies-en-microsoft-edge-63947406-40ac-c3b8-57b9-2a946a29ae09<br \/><strong>Tutkimusmatkailija:<\/strong> https:\/\/support.microsoft.com\/es-es\/help\/278835\/how-to-delete-cookie-files-in-internet-explorer<br \/><strong>Firefox:<\/strong> https:\/\/www.mozilla.org\/es-ES\/privacy\/websites\/#cookies<br \/><strong>Safari:<\/strong> https:\/\/support.apple.com\/es-es\/guide\/safari\/sfri11471\/mac<br \/><strong>Ooppera:<\/strong> https:\/\/help.opera.com\/en\/latest\/security-and-privacy\/#clearBrowsingData<\/p>\t\t\t\t\t\t\t\t<\/div>\n\t\t\t\t<\/div>\n\t\t\t\t\t<\/div>\n\t\t\t\t<\/div>\n\t\t\t\t<\/div>","protected":false},"excerpt":{"rendered":"<p>INFORMATION ABOUT COOKIES In accordance with Law 34\/2002, of July 11, 2002, on information society services and electronic commerce (LSSI), in relation to Regulation (EU) 2016\/679 of the European Parliament and of the Council, of April 27, 2016, General Data Protection Regulation (GDPR) and Organic Law 3\/2018, of December 5, 2018, on Data Protection and [&hellip;]<\/p>","protected":false},"author":1,"featured_media":0,"parent":0,"menu_order":0,"comment_status":"closed","ping_status":"closed","template":"","meta":{"footnotes":""},"class_list":["post-155","page","type-page","status-publish","hentry"],"_links":{"self":[{"href":"https:\/\/catalinawines.com\/fi\/wp-json\/wp\/v2\/pages\/155","targetHints":{"allow":["GET"]}}],"collection":[{"href":"https:\/\/catalinawines.com\/fi\/wp-json\/wp\/v2\/pages"}],"about":[{"href":"https:\/\/catalinawines.com\/fi\/wp-json\/wp\/v2\/types\/page"}],"author":[{"embeddable":true,"href":"https:\/\/catalinawines.com\/fi\/wp-json\/wp\/v2\/users\/1"}],"replies":[{"embeddable":true,"href":"https:\/\/catalinawines.com\/fi\/wp-json\/wp\/v2\/comments?post=155"}],"version-history":[{"count":4,"href":"https:\/\/catalinawines.com\/fi\/wp-json\/wp\/v2\/pages\/155\/revisions"}],"predecessor-version":[{"id":161,"href":"https:\/\/catalinawines.com\/fi\/wp-json\/wp\/v2\/pages\/155\/revisions\/161"}],"wp:attachment":[{"href":"https:\/\/catalinawines.com\/fi\/wp-json\/wp\/v2\/media?parent=155"}],"curies":[{"name":"wp","href":"https:\/\/api.w.org\/{rel}","templated":true}]}}