{"id":10,"date":"2025-10-01T14:47:09","date_gmt":"2025-10-01T14:47:09","guid":{"rendered":"https:\/\/catalinawines.com\/?page_id=10"},"modified":"2025-11-27T17:57:41","modified_gmt":"2025-11-27T17:57:41","slug":"catalina-wines","status":"publish","type":"page","link":"https:\/\/catalinawines.com\/fi\/","title":{"rendered":"Catalinan viinit"},"content":{"rendered":"<div data-elementor-type=\"wp-page\" data-elementor-id=\"10\" class=\"elementor elementor-10\" data-elementor-post-type=\"page\">\n\t\t\t\t<div class=\"elementor-element elementor-element-80408b5 e-con-full e-flex e-con e-parent\" data-id=\"80408b5\" data-element_type=\"container\" data-settings=\"{&quot;background_background&quot;:&quot;video&quot;,&quot;background_video_link&quot;:&quot;https:\\\/\\\/batlledigital.com\\\/catalina.mp4&quot;}\">\n\t\t<div class=\"elementor-background-video-container elementor-hidden-mobile\" aria-hidden=\"true\">\n\t\t\t\t\t\t\t<video class=\"elementor-background-video-hosted\" autoplay muted playsinline loop><\/video>\n\t\t\t\t\t<\/div>\t\t<div class=\"elementor-element elementor-element-4a290cb elementor-invisible elementor-widget elementor-widget-heading\" data-id=\"4a290cb\" data-element_type=\"widget\" data-settings=\"{&quot;_animation&quot;:&quot;fadeInUp&quot;,&quot;_animation_delay&quot;:1000}\" data-widget_type=\"heading.default\">\n\t\t\t\t<div class=\"elementor-widget-container\">\n\t\t\t\t\t<h2 class=\"elementor-heading-title elementor-size-default\">Ajaton naisen henki<\/h2>\t\t\t\t<\/div>\n\t\t\t\t<\/div>\n\t\t\t\t<\/div>\n\t\t<div class=\"elementor-element elementor-element-50c216e e-flex e-con-boxed e-con e-parent\" data-id=\"50c216e\" data-element_type=\"container\" data-settings=\"{&quot;background_background&quot;:&quot;classic&quot;}\">\n\t\t\t\t\t<div class=\"e-con-inner\">\n\t\t<div class=\"elementor-element elementor-element-a16504f e-con-full e-flex e-con e-child\" data-id=\"a16504f\" data-element_type=\"container\">\n\t\t\t\t<div class=\"elementor-element elementor-element-fb7c72d elementor-widget elementor-widget-image\" data-id=\"fb7c72d\" data-element_type=\"widget\" data-widget_type=\"image.default\">\n\t\t\t\t<div class=\"elementor-widget-container\">\n\t\t\t\t\t\t\t\t\t\t\t\t\t\t\t<img fetchpriority=\"high\" decoding=\"async\" width=\"489\" height=\"1024\" src=\"https:\/\/catalinawines.com\/wp-content\/uploads\/2025\/10\/catalina-red-489x1024.png\" class=\"attachment-large size-large wp-image-45\" alt=\"catalina red wine\" srcset=\"https:\/\/catalinawines.com\/wp-content\/uploads\/2025\/10\/catalina-red-489x1024.png 489w, https:\/\/catalinawines.com\/wp-content\/uploads\/2025\/10\/catalina-red-143x300.png 143w, https:\/\/catalinawines.com\/wp-content\/uploads\/2025\/10\/catalina-red-768x1608.png 768w, https:\/\/catalinawines.com\/wp-content\/uploads\/2025\/10\/catalina-red-734x1536.png 734w, https:\/\/catalinawines.com\/wp-content\/uploads\/2025\/10\/catalina-red-978x2048.png 978w, https:\/\/catalinawines.com\/wp-content\/uploads\/2025\/10\/catalina-red.png 1113w\" sizes=\"(max-width: 489px) 100vw, 489px\" \/>\t\t\t\t\t\t\t\t\t\t\t\t\t\t\t<\/div>\n\t\t\t\t<\/div>\n\t\t\t\t<\/div>\n\t\t<div class=\"elementor-element elementor-element-7201100 e-con-full e-flex e-con e-child\" data-id=\"7201100\" data-element_type=\"container\">\n\t\t\t\t<div class=\"elementor-element elementor-element-c9b5a62 elementor-drop-cap-yes elementor-drop-cap-view-default elementor-widget elementor-widget-text-editor\" data-id=\"c9b5a62\" data-element_type=\"widget\" data-settings=\"{&quot;drop_cap&quot;:&quot;yes&quot;}\" data-widget_type=\"text-editor.default\">\n\t\t\t\t<div class=\"elementor-widget-container\">\n\t\t\t\t\t\t\t\t\t<p data-start=\"205\" data-end=\"650\">1800-luvun h\u00e4m\u00e4r\u00e4ss\u00e4, kun korsetit m\u00e4\u00e4ritteliv\u00e4t siluetit ja etiketti hallitsi jokaista elett\u00e4, Catalina nousi esiin - s\u00e4teilev\u00e4n\u00e4, magneettisena ja t\u00e4ysin aikaansa edell\u00e4 olevana naisena. H\u00e4n oli silkkiin ja pitsiin k\u00e4\u00e4ritty\u00e4 eleganssia, mutta h\u00e4nen todellinen olemuksensa piili h\u00e4nen elinvoimaisen henkens\u00e4 py\u00f6rteiss\u00e4. \u00c4lyk\u00e4s, ekstrovertti ja aseistariisuvan kaunopuheinen, h\u00e4n hallitsi jokaista keskustelua vieh\u00e4tyksell\u00e4\u00e4n, joka s\u00e4ilyi kuin h\u00e4nen kiteisen naurunsa kimallus.<\/p><p data-start=\"652\" data-end=\"1047\">El\u00e4m\u00e4n hienoimpien nautintojen yst\u00e4v\u00e4, Catalina ruumiillistui - <em data-start=\"706\" data-end=\"721\">le bon vivant<\/em>: intohimoinen taiteen yst\u00e4v\u00e4, omistautunut kauneudelle ja syv\u00e4sti yhteydess\u00e4 luontoon. H\u00e4n oli kaksinaisuus, joka viihtyi yht\u00e4 hyvin suuren juhlasalin kattokruunujen alla kuin maaseudun hiljaisuudessa vaeltaessaan. H\u00e4nen l\u00e4mpimyytens\u00e4 ja loistokkuutensa takana oli kiehtova arvoitus, sielu, joka oli yht\u00e4 syv\u00e4 ja kesyt\u00f6n kuin keskiy\u00f6n taivas.<\/p><p data-start=\"1049\" data-end=\"1343\">Juuri t\u00e4m\u00e4 henki - s\u00e4teilev\u00e4, hienostunut ja ajaton - inspiroi meit\u00e4. <strong data-start=\"1118\" data-end=\"1136\">Catalina Viinit<\/strong>. Jokainen pullo on h\u00e4nen olemuksensa juhlaa: elinvoimainen mutta hienostunut, ilmeik\u00e4s mutta salaper\u00e4inen, muotoiltu niille, jotka Catalinan tavoin el\u00e4v\u00e4t intohimoisesti, nauttivat kauneudesta ja omaksuvat kaksinaisuuden taidon.<\/p>\t\t\t\t\t\t\t\t<\/div>\n\t\t\t\t<\/div>\n\t\t\t\t<div class=\"elementor-element elementor-element-6f95786 elementor-widget elementor-widget-heading\" data-id=\"6f95786\" data-element_type=\"widget\" data-widget_type=\"heading.default\">\n\t\t\t\t<div class=\"elementor-widget-container\">\n\t\t\t\t\t<h2 class=\"elementor-heading-title elementor-size-default\">Catalina Wines: Unohtumattomille, tyylikk\u00e4ille ja unohtumattomille.<\/h2>\t\t\t\t<\/div>\n\t\t\t\t<\/div>\n\t\t\t\t<div class=\"elementor-element elementor-element-7a85477 elementor-widget elementor-widget-button\" data-id=\"7a85477\" data-element_type=\"widget\" data-widget_type=\"button.default\">\n\t\t\t\t<div class=\"elementor-widget-container\">\n\t\t\t\t\t\t\t\t\t<div class=\"elementor-button-wrapper\">\n\t\t\t\t\t<a class=\"elementor-button elementor-button-link elementor-size-sm\" href=\"#elementor-action%3Aaction%3Dpopup%3Aopen%26settings%3DeyJpZCI6IjEyNyIsInRvZ2dsZSI6ZmFsc2V9\">\n\t\t\t\t\t\t<span class=\"elementor-button-content-wrapper\">\n\t\t\t\t\t\t\t\t\t<span class=\"elementor-button-text\">Ota yhteytt\u00e4<\/span>\n\t\t\t\t\t<\/span>\n\t\t\t\t\t<\/a>\n\t\t\t\t<\/div>\n\t\t\t\t\t\t\t\t<\/div>\n\t\t\t\t<\/div>\n\t\t\t\t<\/div>\n\t\t\t\t\t<\/div>\n\t\t\t\t<\/div>\n\t\t<div class=\"elementor-element elementor-element-cbaa7fa e-flex e-con-boxed e-con e-parent\" data-id=\"cbaa7fa\" data-element_type=\"container\" data-settings=\"{&quot;background_background&quot;:&quot;classic&quot;}\">\n\t\t\t\t\t<div class=\"e-con-inner\">\n\t\t\t\t\t<\/div>\n\t\t\t\t<\/div>\n\t\t\t\t<\/div>","protected":false},"excerpt":{"rendered":"<p>The Spirit of a Timeless Woman At the twilight of the 19th century, when corsets defined silhouettes and etiquette ruled every gesture, Catalina emerged\u2014a woman radiant, magnetic, and utterly ahead of her time. She was elegance wrapped in silk and lace, yet her true essence lay in the whirlwind of her vibrant spirit. Intelligent, extroverted, [&hellip;]<\/p>","protected":false},"author":1,"featured_media":0,"parent":0,"menu_order":0,"comment_status":"closed","ping_status":"closed","template":"","meta":{"footnotes":""},"class_list":["post-10","page","type-page","status-publish","hentry"],"_links":{"self":[{"href":"https:\/\/catalinawines.com\/fi\/wp-json\/wp\/v2\/pages\/10","targetHints":{"allow":["GET"]}}],"collection":[{"href":"https:\/\/catalinawines.com\/fi\/wp-json\/wp\/v2\/pages"}],"about":[{"href":"https:\/\/catalinawines.com\/fi\/wp-json\/wp\/v2\/types\/page"}],"author":[{"embeddable":true,"href":"https:\/\/catalinawines.com\/fi\/wp-json\/wp\/v2\/users\/1"}],"replies":[{"embeddable":true,"href":"https:\/\/catalinawines.com\/fi\/wp-json\/wp\/v2\/comments?post=10"}],"version-history":[{"count":42,"href":"https:\/\/catalinawines.com\/fi\/wp-json\/wp\/v2\/pages\/10\/revisions"}],"predecessor-version":[{"id":212,"href":"https:\/\/catalinawines.com\/fi\/wp-json\/wp\/v2\/pages\/10\/revisions\/212"}],"wp:attachment":[{"href":"https:\/\/catalinawines.com\/fi\/wp-json\/wp\/v2\/media?parent=10"}],"curies":[{"name":"wp","href":"https:\/\/api.w.org\/{rel}","templated":true}]}}